{"id":1297,"date":"2018-04-03T14:53:36","date_gmt":"2018-04-03T07:53:36","guid":{"rendered":"http:\/\/adc.net.vn\/en\/tam-nhin-su-menh\/"},"modified":"2018-06-20T15:55:01","modified_gmt":"2018-06-20T08:55:01","slug":"tam-nhin-su-menh","status":"publish","type":"page","link":"https:\/\/adc.net.vn\/en\/tam-nhin-su-menh\/","title":{"rendered":"VISION &#8211; MISSION"},"content":{"rendered":"<p>[vc_row el_class=&#8221;thongtin-ls tnsm-adc clr28&#8243; css=&#8221;.vc_custom_1523864103536{background-image: url(http:\/\/adc.net.vn\/wp-content\/uploads\/2018\/03\/bg-ls.jpg?id=293) !important;background-position: center !important;background-repeat: no-repeat !important;background-size: cover !important;}&#8221;][vc_column width=&#8221;1\/6&#8243;][\/vc_column][vc_column width=&#8221;2\/3&#8243;][vc_column_text]<\/p>\n<h1 style=\"text-align: center;\">VISION &#8211; MISSION<\/h1>\n<p>[\/vc_column_text][vc_row_inner el_class=&#8221;clr-marb-m&#8221;][vc_column_inner width=&#8221;1\/2&#8243;][vc_gallery interval=&#8221;3&#8243; images=&#8221;745&#8243; img_size=&#8221;large&#8221;][\/vc_column_inner][vc_column_inner width=&#8221;1\/2&#8243;][vc_column_text el_class=&#8221;clr-marb-m&#8221;]<\/p>\n<div class=\"txt-ls\">VISION<\/div>\n<p>ADC strives to become a leader in the field of pre-school education and to work in diverse fields related to preschool education:<\/p>\n<ul>\n<li>Expanding distribution and retail system<\/li>\n<li>Expanding business activities related to preschool education and training<\/li>\n<li>Expanding publishing activities: focusing not only on publications for teachers and preschoolers but also on publishing a system of literature books, life skills books and international copyright-purchased books to win over the beyond school audience.<\/li>\n<\/ul>\n<div class=\"txt-ls\">MISSION<\/div>\n<p>We aim to the mision of effectively contributing for a healthy education environment for future generations by bringing precious human knowledge to a wide range of audience via valuable books.[\/vc_column_text][\/vc_column_inner][\/vc_row_inner][\/vc_column][vc_column width=&#8221;1\/6&#8243;][\/vc_column][\/vc_row][vc_row el_class=&#8221;clr110&#8243;][vc_column width=&#8221;1\/12&#8243;][\/vc_column][vc_column width=&#8221;10\/12&#8243;][vc_column_text]<\/p>\n<h2 style=\"text-align: center;\">GI\u00c1 TR\u1eca C\u1ed0T L\u00d5I<\/h2>\n<p>[\/vc_column_text][vc_row_inner el_class=&#8221;clr-marb&#8221;][vc_column_inner width=&#8221;1\/3&#8243;][vc_column_text]<img loading=\"lazy\" class=\"size-full wp-image-502 aligncenter\" src=\"http:\/\/adc.net.vn\/wp-content\/uploads\/2018\/04\/tin.png\" alt=\"tin\" width=\"105\" height=\"132\" \/><\/p>\n<div class=\"txt-gtcl\">ADC cam k\u1ebft v\u00e0 h\u00e0nh \u0111\u1ed9ng theo t\u00f4n ch\u1ec9: uy t\u00edn trong vi\u1ec7c \u0111\u1ea3m b\u1ea3o ch\u1ea5t l\u01b0\u1ee3ng s\u1ea3n ph\u1ea9m t\u1ed1t nh\u1ea5t v\u00e0 gi\u1eef ch\u1eef t\u00edn trong m\u1ecdi m\u1ed1i quan h\u1ec7. \u0110\u00e2y l\u00e0 c\u01a1 s\u1edf c\u1ee7a nh\u1eefng m\u1ed1i quan h\u1ec7 h\u1ee3p t\u00e1c l\u00e2u d\u00e0i, c\u1ee7a s\u1ef1 ti\u00eau d\u00f9ng trung th\u00e0nh.<\/div>\n<p>[\/vc_column_text][\/vc_column_inner][vc_column_inner width=&#8221;1\/3&#8243;][vc_column_text]<img loading=\"lazy\" class=\"size-full wp-image-502 aligncenter\" src=\"http:\/\/adc.net.vn\/wp-content\/uploads\/2018\/04\/tao.png\" alt=\"tin\" width=\"105\" height=\"132\" \/><\/p>\n<div class=\"txt-gtcl\">S\u00e1ng t\u1ea1o l\u00e0 \u0111\u00f2n b\u1ea9y \u0111\u1ec3 ph\u00e1t tri\u1ec3n, \u01b0\u01a1m m\u1ea7m cho nhi\u1ec1u \u00fd t\u01b0\u1edfng n\u00e2ng cao ch\u1ea5t l\u01b0\u1ee3ng s\u1ea3n ph\u1ea9m gi\u00e1o d\u1ee5c. ADC khuy\u1ebfn kh\u00edch CBCNV h\u1ecdc t\u1eadp kh\u00f4ng ng\u1eebng, t\u01b0 duy, \u1ee9ng d\u1ee5ng k\u0129 thu\u1eadt m\u1edbi v\u00e0o c\u00f4ng vi\u1ec7c<\/div>\n<p>[\/vc_column_text][\/vc_column_inner][vc_column_inner width=&#8221;1\/3&#8243;][vc_column_text]<img loading=\"lazy\" class=\"size-full wp-image-502 aligncenter\" src=\"http:\/\/adc.net.vn\/wp-content\/uploads\/2018\/04\/tam.png\" alt=\"tin\" width=\"105\" height=\"132\" \/><\/p>\n<div class=\"txt-gtcl\">T\u00e2m huy\u1ebft v\u1edbi t\u1eebng s\u1ea3n ph\u1ea9m, t\u1eadn t\u00e2m trong t\u1eebng d\u1ecbch v\u1ee5 cung c\u1ea5p t\u1edbi kh\u00e1ch h\u00e0ng, coi vi\u1ec7c \u0111\u00e1p \u1ee9ng nhu c\u1ea7u, h\u00e0i l\u00f2ng c\u1ea3m nh\u1eadn c\u1ee7a kh\u00e1ch h\u00e0ng l\u00e0 quan tr\u1ecdng nh\u1ea5t.<\/div>\n<p>[\/vc_column_text][\/vc_column_inner][\/vc_row_inner][vc_row_inner][vc_column_inner width=&#8221;1\/3&#8243;][vc_column_text]<img loading=\"lazy\" class=\"size-full wp-image-502 aligncenter\" src=\"http:\/\/adc.net.vn\/wp-content\/uploads\/2018\/04\/ket.png\" alt=\"tin\" width=\"105\" height=\"132\" \/><\/p>\n<div class=\"txt-gtcl\">\u0110o\u00e0n k\u1ebft l\u00e0 s\u1ee9c m\u1ea1nh c\u1ee7a ADC, gi\u00fap quy t\u1ee5 n\u1ed9i l\u1ef1c, \u0111\u01b0\u01a1ng \u0111\u1ea7u v\u1edbi m\u1ecdi gian kh\u00f3 , v\u1eefng b\u01b0\u1edbc t\u1edbi th\u00e0nh c\u00f4ng<\/div>\n<p>[\/vc_column_text][\/vc_column_inner][vc_column_inner width=&#8221;1\/3&#8243;][vc_column_text]<img loading=\"lazy\" class=\"size-full wp-image-502 aligncenter\" src=\"http:\/\/adc.net.vn\/wp-content\/uploads\/2018\/04\/ton.png\" alt=\"tin\" width=\"105\" height=\"132\" \/><\/p>\n<div class=\"txt-gtcl\">T\u00f4n tr\u1ecdng \u00fd ki\u1ebfn c\u1ee7a m\u1ed7i CBCNV \u0111\u1ec3 m\u1ed7i ng\u01b0\u1eddi \u1edf ADC \u0111\u1ec1u c\u00f3 ti\u1ebfng n\u00f3i ri\u00eang, \u0111\u1ec1u c\u00f3 c\u01a1 h\u1ed9i ph\u00e1t tri\u1ec3n. T\u00f4n tr\u1ecdng \u00fd ki\u1ebfn c\u1ee7a t\u1eadp th\u1ec3.T\u00f4n tr\u1ecdng ph\u1ea3n h\u1ed3i c\u1ee7a kh\u00e1ch h\u00e0ng<\/div>\n<p>[\/vc_column_text][\/vc_column_inner][vc_column_inner width=&#8221;1\/3&#8243;][vc_column_text]<img loading=\"lazy\" class=\"size-full wp-image-502 aligncenter\" src=\"http:\/\/adc.net.vn\/wp-content\/uploads\/2018\/04\/tien.png\" alt=\"tin\" width=\"105\" height=\"132\" \/><\/p>\n<div class=\"txt-gtcl\">ADC khuy\u1ebfn kh\u00edch s\u1ef1 c\u1ea7u ti\u1ebfn, v\u01b0\u01a1n l\u00ean ph\u00e1t tri\u1ec3n c\u1ee7a m\u1ed7i c\u00e1 nh\u00e2n. \u0110\u00e2y l\u00e0 \u0111\u1ed9ng l\u1ef1c \u0111\u1ec3 ADC ph\u00e1t tri\u1ec3n<\/div>\n<p>[\/vc_column_text][\/vc_column_inner][\/vc_row_inner][\/vc_column][vc_column width=&#8221;1\/12&#8243;][\/vc_column][\/vc_row]<\/p>\n","protected":false},"excerpt":{"rendered":"<p>[vc_row el_class=&#8221;thongtin-ls tnsm-adc clr28&#8243; css=&#8221;.vc_custom_1523864103536{background-image: url(http:\/\/adc.net.vn\/wp-content\/uploads\/2018\/03\/bg-ls.jpg?id=293) !important;background-position: center !important;background-repeat: no-repeat !important;background-size: cover !important;}&#8221;][vc_column width=&#8221;1\/6&#8243;][\/vc_column][vc_column width=&#8221;2\/3&#8243;][vc_column_text] VISION &#8211; MISSION [\/vc_column_text][vc_row_inner el_class=&#8221;clr-marb-m&#8221;][vc_column_inner width=&#8221;1\/2&#8243;][vc_gallery interval=&#8221;3&#8243; images=&#8221;745&#8243; img_size=&#8221;large&#8221;][\/vc_column_inner][vc_column_inner width=&#8221;1\/2&#8243;][vc_column_text el_class=&#8221;clr-marb-m&#8221;]<span class=\"excerpt-hellip\"> [\u2026]<\/span><\/p>\n","protected":false},"author":1,"featured_media":0,"parent":0,"menu_order":0,"comment_status":"closed","ping_status":"closed","template":"","meta":[],"_links":{"self":[{"href":"https:\/\/adc.net.vn\/en\/wp-json\/wp\/v2\/pages\/1297"}],"collection":[{"href":"https:\/\/adc.net.vn\/en\/wp-json\/wp\/v2\/pages"}],"about":[{"href":"https:\/\/adc.net.vn\/en\/wp-json\/wp\/v2\/types\/page"}],"author":[{"embeddable":true,"href":"https:\/\/adc.net.vn\/en\/wp-json\/wp\/v2\/users\/1"}],"replies":[{"embeddable":true,"href":"https:\/\/adc.net.vn\/en\/wp-json\/wp\/v2\/comments?post=1297"}],"version-history":[{"count":2,"href":"https:\/\/adc.net.vn\/en\/wp-json\/wp\/v2\/pages\/1297\/revisions"}],"predecessor-version":[{"id":1306,"href":"https:\/\/adc.net.vn\/en\/wp-json\/wp\/v2\/pages\/1297\/revisions\/1306"}],"wp:attachment":[{"href":"https:\/\/adc.net.vn\/en\/wp-json\/wp\/v2\/media?parent=1297"}],"curies":[{"name":"wp","href":"https:\/\/api.w.org\/{rel}","templated":true}]}}